{"id":13,"date":"2018-02-24T19:03:40","date_gmt":"2018-02-24T18:03:40","guid":{"rendered":"https:\/\/www.schwertkampf-ochs.de\/cms\/einsteigerseminar\/?page_id=13"},"modified":"2025-06-22T22:19:57","modified_gmt":"2025-06-22T20:19:57","slug":"anmeldung","status":"publish","type":"page","link":"https:\/\/www.schwertkampf-ochs.de\/ochsenstich\/","title":{"rendered":"Anmeldung \/ Registration"},"content":{"rendered":"\n<h2 class=\"wp-block-heading has-text-align-center\">Anmeldung \/ Registration<\/h2>\n\n\n\n<div class=\"wp-block-columns is-layout-flex wp-container-core-columns-is-layout-9d6595d7 wp-block-columns-is-layout-flex\">\n<div class=\"wp-block-column is-layout-flow wp-block-column-is-layout-flow\">\n<p>Bitte lies dir sich vor der Anmeldung die Informationen zum Ochsenstich am 25.10.2025 und am 26.10.2025, insbesondere die anfallenden Kosten, sorgf\u00e4ltig durch.<\/p>\n\n\n\n<p><\/p>\n\n\n\n<p>Bitte lies dir sich vor der Anmeldung die Informationen zum Ochsenstich, insbesondere die anfallenden Kosten, sorgf\u00e4ltig durch.<\/p>\n\n\n\n<p>Nach erfolgter Anmeldung \u00fcber dieses Formular werden wir dich f\u00fcr weitere Details, insbesondere f\u00fcr die \u00dcbermittlung von Zahlungsinformationen, kontaktieren.<\/p>\n\n\n\n<p>Bitte beachten: Der Teilnahmeplatz ist erst nach erfolgter Zahlung (\u00dcberweisung auf unser Vereinskonto) endg\u00fcltig f\u00fcr dich reserviert!<\/p>\n<\/div>\n\n\n\n<div class=\"wp-block-column is-layout-flow wp-block-column-is-layout-flow\">\n<p>Please read the information about the International Rapier Event Munich at the 2025-10-25 and  the 2025-10-26, especally the costs, before regristrating for the event.<\/p>\n\n\n\n<p><\/p>\n\n\n\n<p>Please read the information about the International Rapier Event Munich, especally the costs, before regristrating for the event<\/p>\n\n\n\n<p>After a succesfull registration you will be contacted for more details, especally payment information. <\/p>\n\n\n\n<p>Please note:<br>Your place in the event will be reserved once the payment ist completed.<\/p>\n<\/div>\n<\/div>\n\n\n\n<p><a href=\"https:\/\/ochsenstich.de\/agb.html\" data-type=\"page\" data-id=\"31\" target=\"_blank\" rel=\"noreferrer noopener nofollow\">AGB und Teilnahmebedingungen \/ terms and conditions<\/a><\/p>\n\n\n\n<p><a href=\"https:\/\/www.schwertkampf-ochs.de\/ochsenstich\/datenschutzerklaerung\" target=\"_blank\" rel=\"noreferrer noopener\">Datenschutzertkl\u00e4rung \/ Data privacy<\/a><\/p>\n\n\n\n<p><a href=\"https:\/\/ochsenstich.de\/schutzausruestung.html\" data-type=\"page\" data-id=\"31\" target=\"_blank\" rel=\"noreferrer noopener nofollow\">Ausr\u00fcstung \/ Equippment<\/a><\/p>\n\n\n\t\t\t<div class=\"forminator-custom-form\">\n\t\t\t\t\t\t\t\t\t<label class=\"forminator-label--info\"><span>Keine weitere Anmeldung m\u00f6glich \/ Registration is no longer possible<\/span><\/label>\n\t\t\t\t\t\t\t<\/div>\n\t\t\t\n\n\n\n<div class=\"wp-block-columns is-layout-flex wp-container-core-columns-is-layout-9d6595d7 wp-block-columns-is-layout-flex\">\n<div class=\"wp-block-column is-layout-flow wp-block-column-is-layout-flow\">\n<p>Nach erfolgreicher Anmeldung erhaltet ihr eine Mail mit den Zahlungsdaten und weitere Informationen<\/p>\n<\/div>\n\n\n\n<div class=\"wp-block-column is-layout-flow wp-block-column-is-layout-flow\">\n<p>You will receive an E-Mail after the succesfull regristration with the payment information and additional information<\/p>\n<\/div>\n<\/div>\n","protected":false},"excerpt":{"rendered":"<p>Hier geht es direkt zur Anmeldung!<\/p>\n","protected":false},"author":6,"featured_media":0,"parent":0,"menu_order":0,"comment_status":"closed","ping_status":"closed","template":"","meta":{"footnotes":""},"class_list":["post-13","page","type-page","status-publish","hentry"],"_links":{"self":[{"href":"https:\/\/www.schwertkampf-ochs.de\/ochsenstich\/wp-json\/wp\/v2\/pages\/13","targetHints":{"allow":["GET"]}}],"collection":[{"href":"https:\/\/www.schwertkampf-ochs.de\/ochsenstich\/wp-json\/wp\/v2\/pages"}],"about":[{"href":"https:\/\/www.schwertkampf-ochs.de\/ochsenstich\/wp-json\/wp\/v2\/types\/page"}],"author":[{"embeddable":true,"href":"https:\/\/www.schwertkampf-ochs.de\/ochsenstich\/wp-json\/wp\/v2\/users\/6"}],"replies":[{"embeddable":true,"href":"https:\/\/www.schwertkampf-ochs.de\/ochsenstich\/wp-json\/wp\/v2\/comments?post=13"}],"version-history":[{"count":43,"href":"https:\/\/www.schwertkampf-ochs.de\/ochsenstich\/wp-json\/wp\/v2\/pages\/13\/revisions"}],"predecessor-version":[{"id":1087,"href":"https:\/\/www.schwertkampf-ochs.de\/ochsenstich\/wp-json\/wp\/v2\/pages\/13\/revisions\/1087"}],"wp:attachment":[{"href":"https:\/\/www.schwertkampf-ochs.de\/ochsenstich\/wp-json\/wp\/v2\/media?parent=13"}],"curies":[{"name":"wp","href":"https:\/\/api.w.org\/{rel}","templated":true}]}}