{"id":17,"date":"2018-02-24T19:05:52","date_gmt":"2018-02-24T18:05:52","guid":{"rendered":"https:\/\/www.schwertkampf-ochs.de\/cms\/einsteigerseminar\/?page_id=17"},"modified":"2026-03-01T16:12:56","modified_gmt":"2026-03-01T15:12:56","slug":"datenschutzerklaerung","status":"publish","type":"page","link":"https:\/\/www.schwertkampf-ochs.de\/ochsenstich\/datenschutzerklaerung\/","title":{"rendered":"Datenschutzerkl\u00e4rung"},"content":{"rendered":"<div id=\"ts-muster-preview-generated\" class=\"active\">\n<div id=\"ts-muster-preview-generated\" class=\"active\">\n<section class=\"av_textblock_section \">\n<div class=\"avia_textblock \">\n<div id=\"generatorPreviewWrapper\">\n<div id=\"generatorPreview\">\n<div id=\"ts-muster-preview-generated\" class=\"active\">\n<section class=\"av_textblock_section \">\n<div class=\"avia_textblock \">\n<div id=\"generatorPreviewWrapper\">\n<div id=\"generatorPreview\">\n<h1>Datenschutzerkl\u00e4rung<\/h1>\n<p>Verantwortliche Stelle im Sinne der Datenschutzgesetze, insbesondere der EU-Datenschutzgrundverordnung (DSGVO), ist:<\/p>\n<p>Ochs &#8211; Historische Kampfk\u00fcnste e.V.<br \/>\nc\/o Johannes Zenker<br \/>\nAltom\u00fcnsterstra\u00dfe 29<br \/>\n80997 M\u00fcnchen<br \/>\nE-Mail: verein@schwertkampf-ochs.de<br \/>\nLink zum Impressum:\u00a0<a href=\"https:\/\/www.schwertkampf-ochs.de\/impressum\/\">Impressum<\/a><\/p>\n<h2>Ihre Betroffenenrechte<\/h2>\n<p>Unter den angegebenen Kontaktdaten des Vereins k\u00f6nnen Sie jederzeit folgende Rechte aus\u00fcben:<\/p>\n<ul>\n<li>Auskunft \u00fcber Ihre bei uns gespeicherten Daten und deren Verarbeitung,<\/li>\n<li>Berichtigung unrichtiger personenbezogener Daten,<\/li>\n<li>L\u00f6schung Ihrer bei uns gespeicherten Daten,<\/li>\n<li>Einschr\u00e4nkung der Datenverarbeitung, sofern wir Ihre Daten aufgrund gesetzlicher Pflichten noch nicht l\u00f6schen d\u00fcrfen,<\/li>\n<li>Widerspruch gegen die Verarbeitung Ihrer Daten bei uns und<\/li>\n<li>Daten\u00fcbertragbarkeit, sofern Sie in die Datenverarbeitung eingewilligt haben oder einen Vertrag mit uns abgeschlossen haben.<\/li>\n<\/ul>\n<p>Sofern Sie uns eine Einwilligung erteilt haben, k\u00f6nnen Sie diese jederzeit mit Wirkung f\u00fcr die Zukunft widerrufen.<\/p>\n<p>Sie k\u00f6nnen sich jederzeit mit einer Beschwerde an die f\u00fcr Sie zust\u00e4ndige Aufsichtsbeh\u00f6rde wenden. Ihre zust\u00e4ndige Aufsichtsbeh\u00f6rde richtet sich nach dem Bundesland Ihres Wohnsitzes, Ihrer Arbeit oder der mutma\u00dflichen Verletzung. Eine Liste der Aufsichtsbeh\u00f6rden (f\u00fcr den nicht\u00f6ffentlichen Bereich) mit Anschrift finden Sie unter: <a href=\"https:\/\/www.bfdi.bund.de\/DE\/Infothek\/Anschriften_Links\/anschriften_links-node.html\" target=\"_blank\" rel=\"noopener noreferrer\">https:\/\/www.bfdi.bund.de\/DE\/Infothek\/Anschriften_Links\/anschriften_links-node.html<\/a>.<\/p>\n<h2>Zwecke der Datenverarbeitung durch die verantwortliche Stelle und Dritte<\/h2>\n<p>Wir verarbeiten Ihre personenbezogenen Daten nur zu den in dieser Datenschutzerkl\u00e4rung genannten Zwecken. Eine \u00dcbermittlung Ihrer pers\u00f6nlichen Daten an Dritte zu anderen als den genannten Zwecken findet nicht statt. Wir geben Ihre pers\u00f6nlichen Daten nur an Dritte weiter, wenn:<\/p>\n<ul>\n<li>Sie Ihre ausdr\u00fcckliche Einwilligung dazu erteilt haben,<\/li>\n<li>die Verarbeitung zur Abwicklung eines Vertrags mit Ihnen erforderlich ist,<\/li>\n<li>die Verarbeitung zur Erf\u00fcllung einer rechtlichen Verpflichtung erforderlich ist,<\/li>\n<\/ul>\n<p>die Verarbeitung zur Wahrung berechtigter Interessen erforderlich ist und kein Grund zur Annahme besteht, dass Sie ein \u00fcberwiegendes schutzw\u00fcrdiges Interesse an der Nichtweitergabe Ihrer Daten haben.<\/p>\n<h2>L\u00f6schung bzw. Sperrung der Daten<\/h2>\n<p>Wir halten uns an die Grunds\u00e4tze der Datenvermeidung und Datensparsamkeit. Wir speichern Ihre personenbezogenen Daten daher nur so lange, wie dies zur Erreichung der hier genannten Zwecke erforderlich ist oder wie es die vom Gesetzgeber vorgesehenen vielf\u00e4ltigen Speicherfristen vorsehen. Nach Fortfall des jeweiligen Zweckes bzw. Ablauf dieser Fristen werden die entsprechenden Daten routinem\u00e4\u00dfig und entsprechend den gesetzlichen Vorschriften gesperrt oder gel\u00f6scht.<\/p>\n<h2>Erfassung allgemeiner Informationen beim Besuch unserer Website<\/h2>\n<p>Wenn Sie auf unsere Website zugreifen, werden automatisch mittels eines Cookies Informationen allgemeiner Natur erfasst. Diese Informationen (Server-Logfiles) beinhalten etwa die Art des Webbrowsers, das verwendete Betriebssystem, den Domainnamen Ihres Internet-Service-Providers und \u00e4hnliches. Hierbei handelt es sich ausschlie\u00dflich um Informationen, welche keine R\u00fcckschl\u00fcsse auf Ihre Person zulassen.<\/p>\n<p>Diese Informationen sind technisch notwendig, um von Ihnen angeforderte Inhalte von Webseiten korrekt auszuliefern und fallen bei Nutzung des Internets zwingend an. Sie werden insbesondere zu folgenden Zwecken verarbeitet:<\/p>\n<ul>\n<li>Sicherstellung eines problemlosen Verbindungsaufbaus der Website,<\/li>\n<li>Sicherstellung einer reibungslosen Nutzung unserer Website,<\/li>\n<li>Auswertung der Systemsicherheit und -stabilit\u00e4t sowie<\/li>\n<li>zu weiteren administrativen Zwecken.<\/li>\n<\/ul>\n<p>Die Verarbeitung Ihrer personenbezogenen Daten basiert auf unserem berechtigten Interesse aus den vorgenannten Zwecken zur Datenerhebung. Wir verwenden Ihre Daten nicht, um R\u00fcckschl\u00fcsse auf Ihre Person zu ziehen. Empf\u00e4nger der Daten sind nur die verantwortliche Stelle und ggf. Auftragsverarbeiter.<\/p>\n<p>Anonyme Informationen dieser Art werden von uns ggfs. statistisch ausgewertet, um unseren Internetauftritt und die dahinterstehende Technik zu optimieren.<\/p>\n<h2>Cookies<\/h2>\n<p>Wie viele andere Webseiten verwenden wir auch so genannte \u201eCookies\u201c. Cookies sind kleine Textdateien, die von einem Websiteserver auf Ihre Festplatte \u00fcbertragen werden. Hierdurch erhalten wir automatisch bestimmte Daten wie z. B. IP-Adresse, verwendeter Browser, Betriebssystem und Ihre Verbindung zum Internet.<\/p>\n<p>Cookies k\u00f6nnen nicht verwendet werden, um Programme zu starten oder Viren auf einen Computer zu \u00fcbertragen. Anhand der in Cookies enthaltenen Informationen k\u00f6nnen wir Ihnen die Navigation erleichtern und die korrekte Anzeige unserer Webseiten erm\u00f6glichen.<\/p>\n<p>In keinem Fall werden die von uns erfassten Daten an Dritte weitergegeben oder ohne Ihre Einwilligung eine Verkn\u00fcpfung mit personenbezogenen Daten hergestellt.<\/p>\n<p>Nat\u00fcrlich k\u00f6nnen Sie unsere Website grunds\u00e4tzlich auch ohne Cookies betrachten. Internet-Browser sind regelm\u00e4\u00dfig so eingestellt, dass sie Cookies akzeptieren. Im Allgemeinen k\u00f6nnen Sie die Verwendung von Cookies jederzeit \u00fcber die Einstellungen Ihres Browsers deaktivieren. Bitte verwenden Sie die Hilfefunktionen Ihres Internetbrowsers, um zu erfahren, wie Sie diese Einstellungen \u00e4ndern k\u00f6nnen. Bitte beachten Sie, dass einzelne Funktionen unserer Website m\u00f6glicherweise nicht funktionieren, wenn Sie die Verwendung von Cookies deaktiviert haben.<\/p>\n<h2>Registrierung auf unserer Webseite<\/h2>\n<p>Als Mitglied unseres Vereins erhalten Sie ein registriertes Benutzerkonto. Bei der Registrierung f\u00fcr die Nutzung unserer personalisierten Leistungen werden einige personenbezogene Daten erhoben, wie Name, E-Mail-Adresse, Trainingsstandort sowie Funktion innerhalb des Vereins. Sind Sie bei uns registriert, k\u00f6nnen Sie auf Inhalte und Leistungen zugreifen, die wir nur registrierten Nutzern anbieten. Angemeldete Nutzer haben zudem die M\u00f6glichkeit, bei Bedarf die bei Registrierung angegebenen Daten jederzeit zu \u00e4ndern oder zu l\u00f6schen. Selbstverst\u00e4ndlich erteilen wir Ihnen dar\u00fcber hinaus jederzeit Auskunft \u00fcber die von uns \u00fcber Sie gespeicherten personenbezogenen Daten. Gerne berichtigen bzw. l\u00f6schen wir diese auch auf Ihren Wunsch, soweit keine gesetzlichen Aufbewahrungspflichten entgegenstehen. Zur Kontaktaufnahme in diesem Zusammenhang nutzen Sie bitte die am Ende dieser Datenschutzerkl\u00e4rung angegebenen Kontaktdaten.<\/p>\n<h2>SSL-Verschl\u00fcsselung<\/h2>\n<p>Um die Sicherheit Ihrer Daten bei der \u00dcbertragung zu sch\u00fctzen, verwenden wir dem aktuellen Stand der Technik entsprechende Verschl\u00fcsselungsverfahren (z. B. SSL) \u00fcber HTTPS.<\/p>\n<h2>Newsletter<\/h2>\n<p translate=\"translate\">Als Mitglied des Vereins k\u00f6nnen Sie sich f\u00fcr den vereinsinternen Newsletter anmelden, \u00fcber den wir Ihnen regelm\u00e4\u00dfig Informationen rund um den Verein, das historische Fechten bzw. vergleichbare Informationen per E-Mail zusenden. Abonnenten k\u00f6nnen auch \u00fcber Umst\u00e4nde per E-Mail informiert werden, die f\u00fcr den Dienst oder die Registrierung relevant sind (beispielsweise \u00c4nderungen des Newsletterangebots oder technische Gegebenheiten).<\/p>\n<p translate=\"translate\"><span class=\"ng-scope\">Wenn Sie den auf der Webseite angebotenen Newsletter beziehen m\u00f6chten, ben\u00f6tigen wir von Ihnen eine E-Mail-Adresse sowie Informationen, welche uns die \u00dcberpr\u00fcfung gestatten, dass Sie der Inhaber der angegebenen E-Mail-Adresse und mit dem Empfang des Newsletters einverstanden sind. F\u00fcr den Empfang des Newsletters ist die Angabe Ihrer E-Mail-Adresse ausreichend, alle weiteren abgefragten Angaben (Vor- und Nachname sowie Trainingsstandort) dienen lediglich der sicheren Zuordnung als Mitglied des Vereins.<br \/>\n<\/span><\/p>\n<p translate=\"translate\"><span class=\"ng-scope\">Zur Gew\u00e4hrleistung einer einverst\u00e4ndlichen Newsletter-Versendung nutzen wir das sogenannte Double-Opt-in-Verfahren. Im Zuge dessen l\u00e4sst sich der potentielle Empf\u00e4nger in einen Verteiler aufnehmen. Anschlie\u00dfend erh\u00e4lt der Nutzer durch eine Best\u00e4tigungs-E-Mail die M\u00f6glichkeit, die Anmeldung rechtssicher zu best\u00e4tigen. Nur wenn die Best\u00e4tigung erfolgt, wird die Adresse aktiv in den Verteiler aufgenommen.<\/span><\/p>\n<p translate=\"translate\"><span class=\"ng-scope\">Diese Daten verwenden wir ausschlie\u00dflich f\u00fcr den Versand der angeforderten Informationen und Angebote.<\/span><\/p>\n<p>Als Newsletter Software wird <a href=\"https:\/\/www.newsletter2go.de\" target=\"_blank\" rel=\"noopener noreferrer\">Newsletter2Go<\/a> verwendet. Ihre Daten werden dabei an die Newsletter2Go GmbH \u00fcbermittelt. Newsletter2Go ist es dabei untersagt, Ihre Daten zu verkaufen und f\u00fcr andere Zwecke, als f\u00fcr den Versand von Newslettern zu nutzen. Newsletter2Go ist ein deutscher, zertifizierter Anbieter, welcher nach den Anforderungen der Datenschutz-Grundverordnung und des Bundesdatenschutzgesetzes ausgew\u00e4hlt wurde.<\/p>\n<p>Weitere Informationen finden Sie hier: <a href=\"https:\/\/www.newsletter2go.de\/informationen-newsletter-empfaenger\/\" target=\"_blank\" rel=\"noopener noreferrer\">https:\/\/www.newsletter2go.de\/informationen-newsletter-empfaenger\/<\/a><\/p>\n<p translate=\"translate\"><span class=\"ng-scope\">Die erteilte Einwilligung zur Speicherung der Daten, der E-Mail-Adresse sowie deren Nutzung zum Versand des Newsletters k\u00f6nnen Sie jederzeit widerrufen, etwa \u00fcber den &#8222;Abmelden&#8220;-Link im Newsletter. Au\u00dferdem k\u00f6nnen Sie jederzeit auch Ihren entsprechenden Wunsch sich abzumelden \u00fcber die am Ende dieser Datenschutzhinweise angegebene Kontaktm\u00f6glichkeit mitteilen.<br \/>\n<\/span><\/p>\n<p translate=\"translate\"><span class=\"ng-scope\">Die datenschutzrechtlichen Ma\u00dfnahmen unterliegen stets technischen Erneuerungen aus diesem Grund bitten wir Sie, sich \u00fcber unsere Datenschutzma\u00dfnahmen in regelm\u00e4\u00dfigen Abst\u00e4nden durch Einsichtnahme in unsere Datenschutzerkl\u00e4rung zu informieren.<\/span><\/p>\n<h2>Kontaktformular<\/h2>\n<p>Treten Sie bzgl. Fragen jeglicher Art per E-Mail oder Kontaktformular mit uns in Kontakt, erteilen Sie uns zum Zwecke der Kontaktaufnahme Ihre freiwillige Einwilligung. Hierf\u00fcr ist die Angabe einer validen E-Mail-Adresse sowie Ihres Vor- und Nachnamens erforderlich. Dies dient der Zuordnung der Anfrage und der anschlie\u00dfenden Beantwortung derselben. Die von Ihnen gemachten Angaben werden zum Zwecke der Bearbeitung der Anfrage sowie f\u00fcr m\u00f6gliche Anschlussfragen gespeichert. Nach Erledigung der von Ihnen gestellten Anfrage werden personenbezogene Daten automatisch gel\u00f6scht.<\/p>\n<h2>Anmeldung f\u00fcr Seminare<\/h2>\n<p>Melden Sie sich \u00fcber ein Anmeldeformular f\u00fcr eine Veranstaltung an, welche von uns organisiert wird, werden die im Anmeldeformular erhobenen Daten (\u00fcblicherweise Vor- und Nachname, E-Mail-Adresse) gespeichert und zum F\u00fchren einer Teilnehmerliste verarbeitet. Nach Anmeldung erhalten sie eine automatisierte E-Mail mit den weiteren Zahlungsmodalit\u00e4ten. Bei Bezahlung per \u00dcberweisung stimmen Sie der Verarbeitung ihrer Kontodaten durch den Kassier des Vereins zu. Nach dem Seminar werden die Daten, soweit nicht f\u00fcr steuerliche Zwecke sowie Abrechnungen erforderlich, innerhalb von vier Wochen gel\u00f6scht.<\/p>\n<h2>Verwendung von Scriptbibliotheken (Google Webfonts, Font Awesome)<\/h2>\n<p>Um unsere Inhalte browser\u00fcbergreifend korrekt und grafisch ansprechend darzustellen, verwenden wir auf dieser Website Scriptbibliotheken und Schriftbibliotheken wie z. B. Google Webfonts (<a href=\"http:\/\/www.google.com\/webfonts\/\" target=\"_blank\" rel=\"noopener noreferrer\">https:\/\/www.google.com\/webfonts\/<\/a>) und Font Awesome (<a href=\"https:\/\/fontawesome.com\/\" target=\"_blank\" rel=\"noopener noreferrer\">https:\/\/fontawesome.com\/<\/a>). Google Webfonts sowie Font Awesome werden zur Vermeidung mehrfachen Ladens in den Cache Ihres Browsers \u00fcbertragen. Falls der Browser die Google Webfonts nicht unterst\u00fctzt oder den Zugriff unterbindet, werden Inhalte in einer Standardschrift angezeigt, Font Awesome Symbole werden bei fehlender Unterst\u00fctzung oder Unterbindung des Zugriffs nicht angezeigt.<\/p>\n<p>Der Aufruf von Scriptbibliotheken oder Schriftbibliotheken l\u00f6st automatisch eine Verbindung zum Betreiber der Bibliothek aus. Dabei ist es theoretisch m\u00f6glich \u2013 aktuell allerdings auch unklar ob und ggf. zu welchen Zwecken \u2013 dass Betreiber entsprechender Bibliotheken Daten erheben.<\/p>\n<p>Die Datenschutzrichtlinie des Bibliothekbetreibers Google finden Sie hier: <a href=\"https:\/\/www.google.com\/policies\/privacy\/\" target=\"_blank\" rel=\"noopener noreferrer\">https:\/\/www.google.com\/policies\/privacy\/<\/a><\/p>\n<p>Die Datenschutzrichtlinie des Bibliothekbetreibers Font Awesome finden Sie hier: <a href=\"https:\/\/fontawesome.com\/privacy\" target=\"_blank\" rel=\"noopener noreferrer\">https:\/\/fontawesome.com\/privacy<\/a><\/p>\n<h2>Verwendung von Google ReCaptcha<\/h2>\n<p>Diese Webseite verwendet Google ReCaptcha, um die missbr\u00e4uchliche Benutzung des Kontaktformulars sowie der Loginseiten durch Bots zu unterbinden. Bei der Nutzung von Google ReCaptcha werden von Google auch Daten \u00fcber die Nutzung der Funktionen durch Besucher erhoben, verarbeitet und genutzt. N\u00e4here Informationen \u00fcber die Datenverarbeitung durch Google k\u00f6nnen Sie <a href=\"http:\/\/www.google.com\/privacypolicy.html\" target=\"_blank\" rel=\"noopener noreferrer\">den Google-Datenschutzhinweisen<\/a> entnehmen. Dort k\u00f6nnen Sie im Datenschutzcenter auch Ihre pers\u00f6nlichen Datenschutz-Einstellungen ver\u00e4ndern.<\/p>\n<p>Ausf\u00fchrliche Anleitungen zur Verwaltung der eigenen Daten im Zusammenhang mit Google-Produkten<a href=\"http:\/\/www.dataliberation.org\/\" target=\"_blank\" rel=\"noopener noreferrer\"> finden Sie hier<\/a>.<\/p>\n<h2>Verwendung von Cloudflare Turnstile<\/h2>\n<div>\n<p class=\"Normal\"><span class=\"tm5\">Wir nutzen Cloudflare Turnstile (im Folgenden \u201eTurnstile\u201c) auf dieser Website. Anbieter ist die Cloudflare Inc., 101 Townsend St., San Francisco, CA 94107, USA (im Folgenden \u201eCloudflare\u201d). <\/span><\/p>\n<p class=\"Normal\"><span class=\"tm5\">Mit Turnstile soll \u00fcberpr\u00fcft werden, ob die Dateneingabe auf dieser Website (derzeit ausschlie\u00dflich Formularen wie z. dem Kontaktformular oder Anmeldeformulare f\u00fcr Veranstaltungen) durch einen Menschen oder durch ein automatisiertes Programm erfolgt. <\/span><\/p>\n<p class=\"Normal\"><span class=\"tm5\">Hierzu analysiert Turnstile das Verhalten des Websitebesuchers anhand verschiedener Merkmale. Diese Analyse beginnt automatisch, sobald der Websitebesucher eine Website mit aktiviertem Turnstile betritt. Zur Analyse wertet Turnstile verschiedene Informationen aus (z. B. IP-Adresse, Verweildauer des Websitebesuchers auf der Website oder vom Nutzer get\u00e4tigte Mausbewegungen). Die bei der Analyse erfassten Daten werden an Cloudflare weitergeleitet.<\/span><\/p>\n<p class=\"Normal\"><span class=\"tm5\">Die Speicherung und Analyse der Daten erfolgt auf Grundlage von Art. 6 Abs. 1 lit. f DSGVO. Der Websitebetreiber hat ein berechtigtes Interesse daran, seine Webangebote vor missbr\u00e4uchlicher automatisierter Aussp\u00e4hung und vor SPAM zu sch\u00fctzen. Sofern eine entsprechende Einwilligung abgefragt wurde, erfolgt die Verarbeitung ausschlie\u00dflich auf Grundlage von Art. 6 Abs. 1 lit. a DSGVO und \u00a7 25 Abs. 1 TDDDG, soweit die Einwilligung die Speicherung von Cookies oder den Zugriff auf Informationen im Endger\u00e4t des Nutzers (z. B. Device-Fingerprinting) im Sinne des TDDDG umfasst. Die Einwilligung ist jederzeit widerrufbar.<\/span><\/p>\n<p class=\"Normal\"><span class=\"tm5\">Die Datenverarbeitung wird auf Standardvertragsklauseln gest\u00fctzt, die sie hier finden:<\/span><\/p>\n<p class=\"Normal\"><a href=\"https:\/\/www.cloudflare.com\/cloudflare-customer-scc\/\"><span class=\"tm5\">https:\/\/www.cloudflare.com\/cloudflare-customer-scc\/<\/span><\/a><\/p>\n<p class=\"Normal\"><span class=\"tm5\">Weitere Informationen zu Cloudflare Turnstile entnehmen Sie den Datenschutzbestimmungen unter<\/span><\/p>\n<p class=\"Normal\"><span class=\"tm5\">https:\/\/www.cloudflare.com\/cloudflare-customer-dpa\/<\/span><\/p>\n<p class=\"Normal\"><span class=\"tm5\">Das Unternehmen verf\u00fcgt \u00fcber eine Zertifizierung nach dem \u201eEU-US Data Privacy Framework\u201c (DPF). Der DPF ist ein \u00dcbereinkommen zwischen der Europ\u00e4ischen Union und den USA, der die Einhaltung europ\u00e4ischer Datenschutzstandards bei Datenverarbeitungen in den USA gew\u00e4hrleisten soll. Jedes nach dem DPF zertifizierte Unternehmen verpflichtet sich, diese Datenschutzstandards einzuhalten. Weitere Informationen hierzu erhalten Sie vom Anbieter unter folgendem Link:<\/span><\/p>\n<p class=\"Normal\"><span class=\"tm5\"><a href=\"https:\/\/www.dataprivacyframework.gov\/participant\/5666\">https:\/\/www.dataprivacyframework.gov\/participant\/5666<\/a><\/span><\/p>\n<p class=\"Normal\"><span class=\"tm5\">Quelle:<\/span><\/p>\n<p class=\"Normal\"><a href=\"https:\/\/www.e-recht24.de\"><span class=\"tm5\">https:\/\/www.e-recht24.de<\/span><\/a><\/p>\n<\/div>\n<h2>Verwendung von Google Maps<\/h2>\n<p>Diese Webseite verwendet Google Maps API, um geographische Informationen visuell darzustellen. Bei der Nutzung von Google Maps werden von Google auch Daten \u00fcber die Nutzung der Kartenfunktionen durch Besucher erhoben, verarbeitet und genutzt. N\u00e4here Informationen \u00fcber die Datenverarbeitung durch Google k\u00f6nnen Sie <a href=\"http:\/\/www.google.com\/privacypolicy.html\" target=\"_blank\" rel=\"noopener noreferrer\">den Google-Datenschutzhinweisen<\/a> entnehmen. Dort k\u00f6nnen Sie im Datenschutzcenter auch Ihre pers\u00f6nlichen Datenschutz-Einstellungen ver\u00e4ndern.<\/p>\n<p>Ausf\u00fchrliche Anleitungen zur Verwaltung der eigenen Daten im Zusammenhang mit Google-Produkten<a href=\"http:\/\/www.dataliberation.org\/\" target=\"_blank\" rel=\"noopener noreferrer\"> finden Sie hier<\/a>.<\/p>\n<h2>Eingebettete YouTube-Videos<\/h2>\n<p>Auf einigen unserer Webseiten betten wir Youtube-Videos ein. Betreiber der entsprechenden Plugins ist die YouTube, LLC, 901 Cherry Ave., San Bruno, CA 94066, USA. Wenn Sie eine Seite mit dem YouTube-Plugin besuchen, wird eine Verbindung zu Servern von Youtube hergestellt. Dabei wird Youtube mitgeteilt, welche Seiten Sie besuchen. Wenn Sie in Ihrem Youtube-Account eingeloggt sind, kann Youtube Ihr Surfverhalten Ihnen pers\u00f6nlich zuzuordnen. Dies verhindern Sie, indem Sie sich vorher aus Ihrem Youtube-Account ausloggen.<\/p>\n<p>Wird ein Youtube-Video gestartet, setzt der Anbieter Cookies ein, die Hinweise \u00fcber das Nutzerverhalten sammeln.<\/p>\n<p>Wer das Speichern von Cookies f\u00fcr das Google-Ad-Programm deaktiviert hat, wird auch beim Anschauen von Youtube-Videos mit keinen solchen Cookies rechnen m\u00fcssen. Youtube legt aber auch in anderen Cookies nicht-personenbezogene Nutzungsinformationen ab. M\u00f6chten Sie dies verhindern, so m\u00fcssen Sie das Speichern von Cookies im Browser blockieren.<\/p>\n<p>Weitere Informationen zum Datenschutz bei \u201eYoutube\u201c finden Sie in der Datenschutzerkl\u00e4rung des Anbieters unter: <a href=\"https:\/\/www.google.de\/intl\/de\/policies\/privacy\/\" target=\"_blank\" rel=\"noopener noreferrer\">https:\/\/www.google.de\/intl\/de\/policies\/privacy\/ <\/a><\/p>\n<h2>Facebook-Seite<\/h2>\n<p>Der Verein betreibt eine Facebook-Fanseite, erreichbar unter (<a href=\"https:\/\/de-de.facebook.com\/SchwertkampfOchs\/\">https:\/\/de-de.facebook.com\/SchwertkampfOchs\/<\/a>) und zu erreichen \u00fcber entsprechende, in der Webseite eingebettete Links. F\u00fcr diese wird kein Social Media Plugin, sondern lediglich per Bild hinterlegte HTML-Links verwendet. Bei Aufruf unserer Facebook-Seite wird eine Verbindung zwischen Ihrem Browser und den Servern von Facebook aufgebaut. Dabei werden bereits Daten an Facebook \u00fcbertragen. Besitzen Sie einen Facebook-Account, k\u00f6nnen diese Daten damit verkn\u00fcpft werden. Wenn Sie keine Zuordnung dieser Daten zu Ihrem Facebook-Account w\u00fcnschen, loggen Sie sich bitte vor dem Besuch unserer Seite bei Facebook aus. Interaktionen, insbesondere das Nutzen einer Kommentarfunktion oder das Anklicken eines \u201eLike\u201c- oder \u201eTeilen\u201c-Buttons werden ebenfalls an Facebook weitergegeben. Mehr erfahren Sie unter <a href=\"https:\/\/de-de.facebook.com\/about\/privacy\">https:\/\/de-de.facebook.com\/about\/privacy<\/a>. Die Social-Media-Beauftragten, die mit der Verwaltung der Facebook-Seite betraut sind, haben zus\u00e4tzlich Zugriff auf Funktionen zur Auswertung der Fanseite (sogenannte &#8222;Seiten-Insights&#8220;). Diese umfassen Seitenaufrufe, Beitragsinteraktionen, Abonnenten, Anzahl der &#8222;Gef\u00e4llt mir&#8220; und &#8222;Teilen&#8220;-Interaktionen sowie Anzahl der Personen, die einen Beitrag gesehen haben. Weitere Informationen zum Umgang von Facebook bez\u00fcglich der Seiten-Insights sind unter <a href=\"https:\/\/www.facebook.com\/legal\/terms\/page_controller_addendum\" target=\"_blank\" rel=\"noopener noreferrer\">https:\/\/www.facebook.com\/legal\/terms\/page_controller_addendum<\/a> zu finden.<\/p>\n<p>(Quelle dieses Punktes: <a href=\"https:\/\/www.anwalt.de\/vorlage\/muster-datenschutzerklaerung.php\">Muster-Datenschutzerkl\u00e4rung von anwalt.de<\/a>)<\/p>\n<h2><strong>\u00c4nderung unserer Datenschutzbestimmungen<\/strong><\/h2>\n<p>Wir behalten uns vor, diese Datenschutzerkl\u00e4rung anzupassen, damit sie stets den aktuellen rechtlichen Anforderungen entspricht oder um \u00c4nderungen unserer Leistungen in der Datenschutzerkl\u00e4rung umzusetzen, z.B. bei der Einf\u00fchrung neuer Services. F\u00fcr Ihren erneuten Besuch gilt dann die neue Datenschutzerkl\u00e4rung.<\/p>\n<h2><strong>Fragen an den Datenschutzbeauftragten<\/strong><\/h2>\n<p>Wenn Sie Fragen zum Datenschutz haben, schreiben Sie uns bitte eine E-Mail oder wenden Sie sich direkt an die f\u00fcr den Datenschutz verantwortliche Person in unserer Organisation:<\/p>\n<p>Zu Datenschutzfragen ist jederzeit der Vereinsvorstand per E-Mail erreichbar: verein@schwertkampf-ochs.de. Alternativ k\u00f6nnen Anfragen auch an den Webmaster gerichtet werden: webmaster@schwertkampf-ochs.de.<\/p>\n<p><em>Die Datenschutzerkl\u00e4rung wurde mit dem <\/em><a href=\"https:\/\/www.activemind.de\/datenschutz\/datenschutzhinweis-generator\/\" target=\"_blank\" rel=\"noopener noreferrer\"><em>Datenschutzerkl\u00e4rungs-Generator der activeMind AG erstellt<\/em><\/a><em>.<\/em><\/p>\n<h2><strong>Geoblocking<\/strong><\/h2>\n<p>www.schwertkampf-ochs.de nutzt ein lokal gespeicherte Variante derIP2Location LITE database Geoblocking. Es werden keine IP Adressen der Benutzer gespeichert.<\/p>\n<\/div>\n<\/div>\n<\/div>\n<\/section>\n<\/div>\n<\/div>\n<\/div>\n<\/div>\n<\/section>\n<\/div>\n<\/div>\n","protected":false},"excerpt":{"rendered":"<p>Datenschutzerkl\u00e4rung Verantwortliche Stelle im Sinne der Datenschutzgesetze, insbesondere der EU-Datenschutzgrundverordnung (DSGVO), ist: Ochs &#8211; Historische Kampfk\u00fcnste e.V. c\/o Johannes Zenker Altom\u00fcnsterstra\u00dfe 29 80997 M\u00fcnchen E-Mail: verein@schwertkampf-ochs.de Link zum Impressum:\u00a0Impressum Ihre Betroffenenrechte Unter den angegebenen Kontaktdaten des Vereins k\u00f6nnen Sie jederzeit folgende Rechte aus\u00fcben: Auskunft \u00fcber Ihre bei uns gespeicherten Daten und deren Verarbeitung, Berichtigung unrichtiger &hellip; <a href=\"https:\/\/www.schwertkampf-ochs.de\/ochsenstich\/datenschutzerklaerung\/\" class=\"more-link\"><span class=\"screen-reader-text\">Datenschutzerkl\u00e4rung<\/span> weiterlesen <span class=\"meta-nav\">&rarr;<\/span><\/a><\/p>\n","protected":false},"author":6,"featured_media":0,"parent":0,"menu_order":0,"comment_status":"closed","ping_status":"closed","template":"","meta":{"footnotes":""},"class_list":["post-17","page","type-page","status-publish","hentry"],"_links":{"self":[{"href":"https:\/\/www.schwertkampf-ochs.de\/ochsenstich\/wp-json\/wp\/v2\/pages\/17","targetHints":{"allow":["GET"]}}],"collection":[{"href":"https:\/\/www.schwertkampf-ochs.de\/ochsenstich\/wp-json\/wp\/v2\/pages"}],"about":[{"href":"https:\/\/www.schwertkampf-ochs.de\/ochsenstich\/wp-json\/wp\/v2\/types\/page"}],"author":[{"embeddable":true,"href":"https:\/\/www.schwertkampf-ochs.de\/ochsenstich\/wp-json\/wp\/v2\/users\/6"}],"replies":[{"embeddable":true,"href":"https:\/\/www.schwertkampf-ochs.de\/ochsenstich\/wp-json\/wp\/v2\/comments?post=17"}],"version-history":[{"count":16,"href":"https:\/\/www.schwertkampf-ochs.de\/ochsenstich\/wp-json\/wp\/v2\/pages\/17\/revisions"}],"predecessor-version":[{"id":1086,"href":"https:\/\/www.schwertkampf-ochs.de\/ochsenstich\/wp-json\/wp\/v2\/pages\/17\/revisions\/1086"}],"wp:attachment":[{"href":"https:\/\/www.schwertkampf-ochs.de\/ochsenstich\/wp-json\/wp\/v2\/media?parent=17"}],"curies":[{"name":"wp","href":"https:\/\/api.w.org\/{rel}","templated":true}]}}