{"id":9,"date":"2018-02-24T18:59:41","date_gmt":"2018-02-24T17:59:41","guid":{"rendered":"https:\/\/www.schwertkampf-ochs.de\/cms\/einsteigerseminar\/?page_id=9"},"modified":"2025-07-23T20:14:51","modified_gmt":"2025-07-23T18:14:51","slug":"impressum","status":"publish","type":"page","link":"https:\/\/www.schwertkampf-ochs.de\/ochsenstich\/impressum\/","title":{"rendered":"Impressum"},"content":{"rendered":"<p><strong>Angaben gem\u00e4\u00df DDG:<\/strong><\/p>\n<p>Ochs &#8211; Historische Kampfk\u00fcnste e.V.<br \/>\nc\/o Johannes Zenker<br \/>\nAltom\u00fcnsterstra\u00dfe 29<br \/>\n80997 M\u00fcnchen<\/p>\n<p><strong>Vertreten durch den Vorstand:<\/strong><\/p>\n<p>Karin Heigl, Klara Bali\u0107, Kayana Bohr, Konstantin Wagner, Johannes Zenker<\/p>\n<p><strong>Kontakt:<\/strong><\/p>\n<p>verein@schwertkampf-ochs.de<\/p>\n<p><strong>Registereintrag:<\/strong><\/p>\n<p>Eintragung im Vereinsregister.<br \/>\nRegistergericht: Amtsgericht M\u00fcnchen<br \/>\nRegisternummer: VR 17806<\/p>\n<p><strong>Verantwortlich f\u00fcr den Inhalt nach DDG:<\/strong><\/p>\n<p>Ochs &#8211; Historische Kampfk\u00fcnste e.V.<br \/>\nc\/o Johannes Zenker<br \/>\nAltom\u00fcnsterstra\u00dfe 29<br \/>\n80997 M\u00fcnchen<\/p>\n<p><strong>Haftung f\u00fcr Inhalte<\/strong><\/p>\n<p>Als Diensteanbieter sind wir gem\u00e4\u00df DDG f\u00fcr eigene Inhalte auf diesen Seiten nach den allgemeinen Gesetzen verantwortlich. Nach DDG sind wir als Diensteanbieter jedoch nicht verpflichtet, \u00fcbermittelte oder gespeicherte fremde Informationen zu \u00fcberwachen oder nach Umst\u00e4nden zu forschen, die auf eine rechtswidrige T\u00e4tigkeit hinweisen. Verpflichtungen zur Entfernung oder Sperrung der Nutzung von Informationen nach den allgemeinen Gesetzen bleiben hiervon unber\u00fchrt. Eine diesbez\u00fcgliche Haftung ist jedoch erst ab dem Zeitpunkt der<br \/>\nKenntnis einer konkreten Rechtsverletzung m\u00f6glich. Bei Bekanntwerden von entsprechenden Rechtsverletzungen werden wir diese Inhalte umgehend entfernen.<\/p>\n<p><strong>Haftung f\u00fcr Links<\/strong><\/p>\n<p>Unser Angebot enth\u00e4lt Links zu externen Websites Dritter, auf deren Inhalte wir keinen Einfluss haben. Deshalb k\u00f6nnen wir f\u00fcr diese fremden Inhalte auch keine Gew\u00e4hr \u00fcbernehmen. F\u00fcr die Inhalte der verlinkten Seiten ist stets der jeweilige Anbieter oder Betreiber der Seiten verantwortlich. Die verlinkten Seiten wurden zum Zeitpunkt der Verlinkung auf m\u00f6gliche Rechtsverst\u00f6\u00dfe \u00fcberpr\u00fcft. Rechtswidrige Inhalte waren zum Zeitpunkt der Verlinkung nicht erkennbar. Eine permanente inhaltliche Kontrolle der verlinkten Seiten ist jedoch ohne konkrete Anhaltspunkte einer<br \/>\nRechtsverletzung nicht zumutbar. Bei Bekanntwerden von Rechtsverletzungen werden wir derartige Links umgehend entfernen.<\/p>\n<p><strong>Urheberrecht<\/strong><\/p>\n<p>Die durch die Seitenbetreiber erstellten Inhalte und Werke auf diesen Seiten unterliegen dem deutschen Urheberrecht. Die Vervielf\u00e4ltigung, Bearbeitung, Verbreitung und jede Art der Verwertung au\u00dferhalb der Grenzen des Urheberrechtes bed\u00fcrfen der schriftlichen Zustimmung des jeweiligen Autors bzw. Erstellers. Downloads und Kopien dieser Seite sind nur f\u00fcr den privaten, nicht kommerziellen Gebrauch gestattet. Soweit die Inhalte auf dieser Seite nicht vom Betreiber erstellt wurden, werden die Urheberrechte Dritter beachtet. Insbesondere werden Inhalte Dritter als solche gekennzeichnet. Sollten Sie trotzdem auf eine Urheberrechtsverletzung aufmerksam werden, bitten wir um einen entsprechenden Hinweis. Bei Bekanntwerden von Rechtsverletzungen werden wir derartige Inhalte umgehend entfernen.<\/p>\n<p><strong>Datenschutz<\/strong><\/p>\n<p>Die Nutzung unserer Webseite ist in der Regel ohne Angabe personenbezogener Daten m\u00f6glich. Soweit auf unseren Seiten personenbezogene Daten (beispielsweise Name, Anschrift oder eMail-Adressen) erhoben werden, erfolgt dies, soweit m\u00f6glich, stets auf freiwilliger Basis. Diese Daten werden ohne Ihre ausdr\u00fcckliche Zustimmung nicht an Dritte weitergegeben. Weitere Informationen hierzu sind in unseren ausf\u00fchrlichen <a href=\"https:\/\/www.schwertkampf-ochs.de\/seminar-muenchen\/datenschutzerklaerung\/\">Datenschutzbestimmungen<\/a> zu finden.<\/p>\n<p>Wir weisen darauf hin, dass die Daten\u00fcbertragung im Internet (z.B. bei der Kommunikation per E-Mail) Sicherheitsl\u00fccken aufweisen kann. Ein l\u00fcckenloser Schutz der Daten vor dem Zugriff durch Dritte ist nicht m\u00f6glich.<\/p>\n<p>Der Nutzung von im Rahmen der Impressumspflicht ver\u00f6ffentlichten Kontaktdaten durch Dritte zur \u00dcbersendung von nicht ausdr\u00fccklich angeforderter Werbung und Informationsmaterialien wird hiermit ausdr\u00fccklich widersprochen. Die Betreiber der Seiten behalten sich ausdr\u00fccklich rechtliche Schritte im Falle der unverlangten Zusendung von Werbeinformationen, etwa durch Spam-Mails, vor.<\/p>\n<p><em>Quelle: <a href=\"https:\/\/www.e-recht24.de\">https:\/\/www.e-recht24.de<\/a><br \/>\n<\/em><\/p>\n<hr \/>\n","protected":false},"excerpt":{"rendered":"<p>Angaben gem\u00e4\u00df DDG: Ochs &#8211; Historische Kampfk\u00fcnste e.V. c\/o Johannes Zenker Altom\u00fcnsterstra\u00dfe 29 80997 M\u00fcnchen Vertreten durch den Vorstand: Karin Heigl, Klara Bali\u0107, Kayana Bohr, Konstantin Wagner, Johannes Zenker Kontakt: verein@schwertkampf-ochs.de Registereintrag: Eintragung im Vereinsregister. Registergericht: Amtsgericht M\u00fcnchen Registernummer: VR 17806 Verantwortlich f\u00fcr den Inhalt nach DDG: Ochs &#8211; Historische Kampfk\u00fcnste e.V. c\/o Johannes Zenker &hellip; <a href=\"https:\/\/www.schwertkampf-ochs.de\/ochsenstich\/impressum\/\" class=\"more-link\"><span class=\"screen-reader-text\">Impressum<\/span> weiterlesen <span class=\"meta-nav\">&rarr;<\/span><\/a><\/p>\n","protected":false},"author":6,"featured_media":0,"parent":0,"menu_order":0,"comment_status":"closed","ping_status":"closed","template":"","meta":{"footnotes":""},"class_list":["post-9","page","type-page","status-publish","hentry"],"_links":{"self":[{"href":"https:\/\/www.schwertkampf-ochs.de\/ochsenstich\/wp-json\/wp\/v2\/pages\/9","targetHints":{"allow":["GET"]}}],"collection":[{"href":"https:\/\/www.schwertkampf-ochs.de\/ochsenstich\/wp-json\/wp\/v2\/pages"}],"about":[{"href":"https:\/\/www.schwertkampf-ochs.de\/ochsenstich\/wp-json\/wp\/v2\/types\/page"}],"author":[{"embeddable":true,"href":"https:\/\/www.schwertkampf-ochs.de\/ochsenstich\/wp-json\/wp\/v2\/users\/6"}],"replies":[{"embeddable":true,"href":"https:\/\/www.schwertkampf-ochs.de\/ochsenstich\/wp-json\/wp\/v2\/comments?post=9"}],"version-history":[{"count":11,"href":"https:\/\/www.schwertkampf-ochs.de\/ochsenstich\/wp-json\/wp\/v2\/pages\/9\/revisions"}],"predecessor-version":[{"id":1081,"href":"https:\/\/www.schwertkampf-ochs.de\/ochsenstich\/wp-json\/wp\/v2\/pages\/9\/revisions\/1081"}],"wp:attachment":[{"href":"https:\/\/www.schwertkampf-ochs.de\/ochsenstich\/wp-json\/wp\/v2\/media?parent=9"}],"curies":[{"name":"wp","href":"https:\/\/api.w.org\/{rel}","templated":true}]}}